{"id":15,"date":"2022-02-01T18:07:50","date_gmt":"2022-02-01T17:07:50","guid":{"rendered":"https:\/\/appsmedicina.unmsm.edu.pe\/residentadomedico\/password-reset\/"},"modified":"2022-03-04T08:03:52","modified_gmt":"2022-03-04T13:03:52","slug":"password-reset","status":"publish","type":"page","link":"https:\/\/devmedicina.unmsm.edu.pe\/residentadomedico\/password-reset\/","title":{"rendered":"Restablecer la contrase\u00f1a"},"content":{"rendered":"\n<h2 class=\"wp-block-heading\" id=\"para-reestablecer-su-contrasena-colocar-el-correo-electronico-registrado-donde-le-llegara-la-contrasena-cambiada-revisar-tanto-su-bandeja-de-entrada-como-su-bandeja-de-spam-o-correo-no-deseado\"><strong>1. Para reestablecer su contrase\u00f1a, colocar el Correo Electr\u00f3nico Registrado (o N\u00famero de Documento) donde le llegar\u00e1 la contrase\u00f1a cambiada.<\/strong> <\/h2>\n\n\n\n<h2 class=\"wp-block-heading\" id=\"para-reestablecer-su-contrasena-colocar-el-correo-electronico-registrado-donde-le-llegara-la-contrasena-cambiada-revisar-tanto-su-bandeja-de-entrada-como-su-bandeja-de-spam-o-correo-no-deseado\"><strong>2. Revisar tanto su bandeja de entrada como su bandeja de SPAM (o correo no deseado)<\/strong>.<\/h2>\n\n\n\n<div class=\"um um-password um-um_password_id\">\n\t<div class=\"um-form\">\n\t\t<form method=\"post\" action=\"\">\n\t\t\t\n\t\t\t\t<input type=\"hidden\" name=\"_um_password_reset\" id=\"_um_password_reset\" value=\"1\" \/>\n\n\t\t\t\t\t\t\t\t\t<div class=\"um-field um-field-block um-field-type_block\">\n\t\t\t\t\t\t<div class=\"um-field-block\">\n\t\t\t\t\t\t\t<div style=\"text-align:center;\">\n\t\t\t\t\t\t\t\tPara restablecer tu contrase\u00f1a, por favor, introduce a continuaci\u00f3n tu direcci\u00f3n de Correo Electr\u00f3nico o N\u00famero de Documento.\t\t\t\t\t\t\t<\/div>\n\t\t\t\t\t\t<\/div>\n\t\t\t\t\t<\/div>\n\t\t\t\t<div  id=\"um_field_0_username_b\" class=\"um-field um-field-text  um-field-username_b um-field-text um-field-type_text\" data-key=\"username_b\"><div class=\"um-field-area\"><input  autocomplete=\"off\" class=\"um-form-field valid \" type=\"text\" name=\"username_b\" id=\"username_b\" value=\"\" placeholder=\" Introduce tu Correo Electr\u00f3nico o N\u00famero de Documento\" data-validate=\"\" data-key=\"username_b\" \/>\n\n\t\t\t\t\t\t<\/div><\/div>\n\t\t\t\t<div class=\"um-col-alt um-col-alt-b\">\n\n\t\t\t\t\t<div class=\"um-center\">\n\t\t\t\t\t\t<input type=\"submit\" value=\"Restablecer contrase\u00f1a\" class=\"um-button\" id=\"um-submit-btn\" \/>\n\t\t\t\t\t<\/div>\n\n\t\t\t\t\t<div class=\"um-clear\"><\/div>\n\n\t\t\t\t<\/div>\n\n\t\t\t\t\t\t<input type=\"hidden\" name=\"form_id\" id=\"form_id_um_password_id\" value=\"um_password_id\" \/>\n\t\n\t<p class=\"um_request_name\">\n\t\t<label for=\"um_request_um_password_id\">Only fill in if you are not human<\/label>\n\t\t<input type=\"hidden\" name=\"um_request\" id=\"um_request_um_password_id\" class=\"input\" value=\"\" size=\"25\" autocomplete=\"off\" \/>\n\t<\/p>\n\n\t\t\t<\/form>\n\t<\/div>\n<\/div>\n<style>\n\t\t\t.um-um_password_id.um {\n\t\t\tmax-width: 450px;\n\t\t}\n\t\t<\/style>\n","protected":false},"excerpt":{"rendered":"<p>1. Para reestablecer su contrase\u00f1a, colocar el Correo Electr\u00f3nico Registrado (o N\u00famero de Documento) donde le llegar\u00e1 la contrase\u00f1a cambiada. 2. Revisar tanto su bandeja de entrada como su bandeja de SPAM (o correo no deseado).<\/p>\n","protected":false},"author":1,"featured_media":0,"parent":0,"menu_order":0,"comment_status":"closed","ping_status":"closed","template":"","meta":{"site-sidebar-layout":"default","site-content-layout":"","ast-site-content-layout":"","site-content-style":"default","site-sidebar-style":"default","ast-global-header-display":"","ast-banner-title-visibility":"","ast-main-header-display":"","ast-hfb-above-header-display":"","ast-hfb-below-header-display":"","ast-hfb-mobile-header-display":"","site-post-title":"","ast-breadcrumbs-content":"","ast-featured-img":"","footer-sml-layout":"","theme-transparent-header-meta":"","adv-header-id-meta":"","stick-header-meta":"","header-above-stick-meta":"","header-main-stick-meta":"","header-below-stick-meta":"","astra-migrate-meta-layouts":"","footnotes":""},"_links":{"self":[{"href":"https:\/\/devmedicina.unmsm.edu.pe\/residentadomedico\/wp-json\/wp\/v2\/pages\/15"}],"collection":[{"href":"https:\/\/devmedicina.unmsm.edu.pe\/residentadomedico\/wp-json\/wp\/v2\/pages"}],"about":[{"href":"https:\/\/devmedicina.unmsm.edu.pe\/residentadomedico\/wp-json\/wp\/v2\/types\/page"}],"author":[{"embeddable":true,"href":"https:\/\/devmedicina.unmsm.edu.pe\/residentadomedico\/wp-json\/wp\/v2\/users\/1"}],"replies":[{"embeddable":true,"href":"https:\/\/devmedicina.unmsm.edu.pe\/residentadomedico\/wp-json\/wp\/v2\/comments?post=15"}],"version-history":[{"count":0,"href":"https:\/\/devmedicina.unmsm.edu.pe\/residentadomedico\/wp-json\/wp\/v2\/pages\/15\/revisions"}],"wp:attachment":[{"href":"https:\/\/devmedicina.unmsm.edu.pe\/residentadomedico\/wp-json\/wp\/v2\/media?parent=15"}],"curies":[{"name":"wp","href":"https:\/\/api.w.org\/{rel}","templated":true}]}}