{"id":480,"date":"2022-03-14T08:17:44","date_gmt":"2022-03-14T13:17:44","guid":{"rendered":"https:\/\/appsmedicina.unmsm.edu.pe\/residentadomedico\/?page_id=480"},"modified":"2022-04-18T08:34:43","modified_gmt":"2022-04-18T13:34:43","slug":"videotutoriales-para-los-evaluadores-y-comision","status":"publish","type":"page","link":"https:\/\/devmedicina.unmsm.edu.pe\/residentadomedico\/videotutoriales-para-los-evaluadores-y-comision\/","title":{"rendered":"Videotutoriales para los Evaluadores y Comisi\u00f3n"},"content":{"rendered":"<h2>\"P\u00e1gina Accesible solo para los <strong>Administradores y Evaluadores del Concurso Nacional de Admisi\u00f3n de Residentado M\u00e9dico 2022<\/strong>\"<\/h2>","protected":false},"excerpt":{"rendered":"","protected":false},"author":1,"featured_media":0,"parent":0,"menu_order":0,"comment_status":"closed","ping_status":"closed","template":"","meta":{"site-sidebar-layout":"default","site-content-layout":"","ast-site-content-layout":"","site-content-style":"default","site-sidebar-style":"default","ast-global-header-display":"","ast-banner-title-visibility":"","ast-main-header-display":"","ast-hfb-above-header-display":"","ast-hfb-below-header-display":"","ast-hfb-mobile-header-display":"","site-post-title":"","ast-breadcrumbs-content":"","ast-featured-img":"","footer-sml-layout":"","theme-transparent-header-meta":"","adv-header-id-meta":"","stick-header-meta":"","header-above-stick-meta":"","header-main-stick-meta":"","header-below-stick-meta":"","astra-migrate-meta-layouts":"","footnotes":""},"_links":{"self":[{"href":"https:\/\/devmedicina.unmsm.edu.pe\/residentadomedico\/wp-json\/wp\/v2\/pages\/480"}],"collection":[{"href":"https:\/\/devmedicina.unmsm.edu.pe\/residentadomedico\/wp-json\/wp\/v2\/pages"}],"about":[{"href":"https:\/\/devmedicina.unmsm.edu.pe\/residentadomedico\/wp-json\/wp\/v2\/types\/page"}],"author":[{"embeddable":true,"href":"https:\/\/devmedicina.unmsm.edu.pe\/residentadomedico\/wp-json\/wp\/v2\/users\/1"}],"replies":[{"embeddable":true,"href":"https:\/\/devmedicina.unmsm.edu.pe\/residentadomedico\/wp-json\/wp\/v2\/comments?post=480"}],"version-history":[{"count":0,"href":"https:\/\/devmedicina.unmsm.edu.pe\/residentadomedico\/wp-json\/wp\/v2\/pages\/480\/revisions"}],"wp:attachment":[{"href":"https:\/\/devmedicina.unmsm.edu.pe\/residentadomedico\/wp-json\/wp\/v2\/media?parent=480"}],"curies":[{"name":"wp","href":"https:\/\/api.w.org\/{rel}","templated":true}]}}